{"id":12,"date":"2024-08-25T05:48:14","date_gmt":"2024-08-25T05:48:14","guid":{"rendered":"https:\/\/www.vyohyketerapiajaanakorhonen.fi\/?page_id=12"},"modified":"2024-08-25T06:12:52","modified_gmt":"2024-08-25T06:12:52","slug":"home","status":"publish","type":"page","link":"http:\/\/www.vyohyketerapiajaanakorhonen.fi\/","title":{"rendered":"Etusivu"},"content":{"rendered":"<p>[et_pb_section fb_built=&#8221;1&#8243; theme_builder_area=&#8221;post_content&#8221; _builder_version=&#8221;4.27.0&#8243; _module_preset=&#8221;default&#8221;][et_pb_row _builder_version=&#8221;4.27.0&#8243; _module_preset=&#8221;default&#8221; theme_builder_area=&#8221;post_content&#8221; hover_enabled=&#8221;0&#8243; sticky_enabled=&#8221;0&#8243;][et_pb_column _builder_version=&#8221;4.27.0&#8243; _module_preset=&#8221;default&#8221; type=&#8221;4_4&#8243; theme_builder_area=&#8221;post_content&#8221;][et_pb_text _builder_version=&#8221;4.27.0&#8243; _module_preset=&#8221;default&#8221; theme_builder_area=&#8221;post_content&#8221; hover_enabled=&#8221;0&#8243; sticky_enabled=&#8221;0&#8243;]<\/p>\n<p><span style=\"font-family: Liberation Serif, serif;\"><span style=\"font-size: x-large;\"><i>Palveluistani l\u00f6ytyy mm:<\/i><\/span><\/span><\/p>\n<p><span style=\"font-family: Liberation Serif, serif;\"><span style=\"font-size: x-large;\"><i>Vy\u00f6hyketerapia<\/i><\/span><\/span><\/p>\n<p><span style=\"font-family: Liberation Serif, serif;\"><span style=\"font-size: x-large;\"><i>Kuumakivihieronta<\/i><\/span><\/span><\/p>\n<p><span style=\"font-family: Liberation Serif, serif;\"><span style=\"font-size: x-large;\"><i>Kuivakuppaus<\/i><\/span><\/span><\/p>\n<p><span style=\"font-family: Liberation Serif, serif;\"><span style=\"font-size: x-large;\"><i>Akupunktio<\/i><\/span><\/span><\/p>\n<p><span style=\"font-family: Liberation Serif, serif;\"><span style=\"font-size: x-large;\"><i>Koliikkihoito<\/i><\/span><\/span><\/p>\n<p><span style=\"font-family: Liberation Serif, serif;\"><span style=\"font-size: x-large;\"><i><\/i><\/span><\/span><\/p>\n<p><span style=\"font-family: Liberation Serif, serif;\"><span style=\"font-size: x-large;\"><i>Hinnat 25-90e hoidosta riippuen.<\/i><\/span><\/span><\/p>\n<p><span style=\"font-family: Liberation Serif, serif;\"><span style=\"font-size: x-large;\"><i>(sis. alv ja asiakask\u00e4ynnit)<\/i><\/span><\/span><span style=\"font-family: Liberation Serif, serif;\"><span style=\"font-size: x-large;\"><i><b><\/b><\/i><\/span><\/span><\/p>\n<p><span style=\"font-family: Liberation Serif, serif;\"><span style=\"font-size: x-large;\"><i><b>Hieronnan hy\u00f6tyj\u00e4:<\/b><\/i><\/span><\/span><\/p>\n<p>&nbsp;<\/p>\n<ul>\n<li><span style=\"font-family: Liberation Serif, serif;\"><span style=\"font-size: large;\"><i><b>Kiputilojen lievitys:<\/b><\/i><\/span><\/span><\/li>\n<li><span style=\"font-family: Liberation Serif, serif;\"><span style=\"font-size: large;\"><i>migreeni<\/i><\/span><\/span><\/li>\n<li><span style=\"font-family: Liberation Serif, serif;\"><span style=\"font-size: large;\"><i>reuma\/kihti<\/i><\/span><\/span><\/li>\n<li><span style=\"font-family: Liberation Serif, serif;\"><span style=\"font-size: large;\"><i>vatsan kipu (my\u00f6s lapsille)<\/i><\/span><\/span><\/li>\n<li><span style=\"font-family: Liberation Serif, serif;\"><span style=\"font-size: large;\"><i>koliikkihoito<\/i><\/span><\/span><\/li>\n<\/ul>\n<p>&nbsp;<\/p>\n<ul>\n<li><span style=\"font-family: Liberation Serif, serif;\"><span style=\"font-size: large;\"><i><b>Aineenvaihdunnan tehostuminen:<\/b><\/i><\/span><\/span><\/li>\n<li><span style=\"font-family: Liberation Serif, serif;\"><span style=\"font-size: large;\"><i>ummetus\/ ruuansulatus vaivat<\/i><\/span><\/span>\n<p>&nbsp;<\/p>\n<p><span style=\"font-family: Liberation Serif, serif;\"><span style=\"font-size: large;\"><i><b>Harjoittelusta palautuminen<\/b><\/i><\/span><\/span><\/p>\n<p>&nbsp;<\/p>\n<p><span style=\"font-family: Liberation Serif, serif;\"><span style=\"font-size: large;\"><i><b>Uniongelmat ja stressin hoito<\/b><\/i><\/span><\/span><\/p>\n<p>&nbsp;<\/p>\n<p><span style=\"font-family: Liberation Serif, serif;\"><span style=\"font-size: large;\"><i><b>Apua turvotukseen ja suonikohjuihin<\/b><\/i><\/span><\/span><\/p>\n<p>&nbsp;<\/p>\n<p><span style=\"font-family: Liberation Serif, serif;\"><span style=\"font-size: large;\"><i><b>Helpotusta vaihdevuosivaivoihin ja kuukautiskipuihin<\/b><\/i><\/span><\/span><\/p>\n<\/li>\n<\/ul>\n<p>[\/et_pb_text][\/et_pb_column][\/et_pb_row][\/et_pb_section]<\/p>\n","protected":false},"excerpt":{"rendered":"<p>Palveluistani l\u00f6ytyy mm: Vy\u00f6hyketerapia Kuumakivihieronta Kuivakuppaus Akupunktio Koliikkihoito Hinnat 25-90e hoidosta riippuen. (sis. alv ja asiakask\u00e4ynnit) Hieronnan hy\u00f6tyj\u00e4: &nbsp; Kiputilojen lievitys: migreeni reuma\/kihti vatsan kipu (my\u00f6s lapsille) koliikkihoito &nbsp; Aineenvaihdunnan tehostuminen: ummetus\/ ruuansulatus vaivat &nbsp; Harjoittelusta palautuminen &nbsp; Uniongelmat ja stressin hoito &nbsp; Apua turvotukseen ja suonikohjuihin &nbsp; Helpotusta vaihdevuosivaivoihin ja kuukautiskipuihin<\/p>\n","protected":false},"author":1,"featured_media":0,"parent":0,"menu_order":0,"comment_status":"closed","ping_status":"closed","template":"","meta":{"_et_pb_use_builder":"on","_et_pb_old_content":"","_et_gb_content_width":"","footnotes":""},"class_list":["post-12","page","type-page","status-publish","hentry"],"_links":{"self":[{"href":"http:\/\/www.vyohyketerapiajaanakorhonen.fi\/index.php?rest_route=\/wp\/v2\/pages\/12"}],"collection":[{"href":"http:\/\/www.vyohyketerapiajaanakorhonen.fi\/index.php?rest_route=\/wp\/v2\/pages"}],"about":[{"href":"http:\/\/www.vyohyketerapiajaanakorhonen.fi\/index.php?rest_route=\/wp\/v2\/types\/page"}],"author":[{"embeddable":true,"href":"http:\/\/www.vyohyketerapiajaanakorhonen.fi\/index.php?rest_route=\/wp\/v2\/users\/1"}],"replies":[{"embeddable":true,"href":"http:\/\/www.vyohyketerapiajaanakorhonen.fi\/index.php?rest_route=%2Fwp%2Fv2%2Fcomments&post=12"}],"version-history":[{"count":6,"href":"http:\/\/www.vyohyketerapiajaanakorhonen.fi\/index.php?rest_route=\/wp\/v2\/pages\/12\/revisions"}],"predecessor-version":[{"id":62,"href":"http:\/\/www.vyohyketerapiajaanakorhonen.fi\/index.php?rest_route=\/wp\/v2\/pages\/12\/revisions\/62"}],"wp:attachment":[{"href":"http:\/\/www.vyohyketerapiajaanakorhonen.fi\/index.php?rest_route=%2Fwp%2Fv2%2Fmedia&parent=12"}],"curies":[{"name":"wp","href":"https:\/\/api.w.org\/{rel}","templated":true}]}}